{"id":10,"date":"2024-10-09T17:59:19","date_gmt":"2024-10-09T15:59:19","guid":{"rendered":"https:\/\/newescokin.com\/?page_id=10"},"modified":"2024-10-09T22:11:47","modified_gmt":"2024-10-09T20:11:47","slug":"maintenance","status":"publish","type":"page","link":"https:\/\/newescokin.com\/index.php\/maintenance\/","title":{"rendered":"Maintenance"},"content":{"rendered":"\t\t<div data-elementor-type=\"wp-page\" data-elementor-id=\"10\" class=\"elementor elementor-10\">\n\t\t\t\t\t\t<section class=\"elementor-section elementor-top-section elementor-element elementor-element-7c95469e elementor-section-boxed elementor-section-height-default elementor-section-height-default exad-glass-effect-no wpr-particle-no wpr-jarallax-no wpr-parallax-no wpr-sticky-section-no exad-sticky-section-no\" data-id=\"7c95469e\" data-element_type=\"section\" id=\"xs_cta_style_2\" data-settings=\"{&quot;background_background&quot;:&quot;classic&quot;}\">\n\t\t\t\t\t\t<div class=\"elementor-container elementor-column-gap-default\">\n\t\t\t\t\t<div class=\"elementor-column elementor-col-50 elementor-top-column elementor-element elementor-element-6b231322 exad-glass-effect-no exad-sticky-section-no\" data-id=\"6b231322\" data-element_type=\"column\">\n\t\t\t<div class=\"elementor-widget-wrap\">\n\t\t\t\t\t\t\t<\/div>\n\t\t<\/div>\n\t\t\t\t<div class=\"elementor-column elementor-col-50 elementor-top-column elementor-element elementor-element-797051e5 exad-glass-effect-no exad-sticky-section-no\" data-id=\"797051e5\" data-element_type=\"column\" data-settings=\"{&quot;background_background&quot;:&quot;classic&quot;}\">\n\t\t\t<div class=\"elementor-widget-wrap elementor-element-populated\">\n\t\t\t\t\t\t<div class=\"elementor-element elementor-element-4c3dbea2 elementor-widget-tablet__width-initial exad-sticky-section-no exad-glass-effect-no elementor-widget elementor-widget-image\" data-id=\"4c3dbea2\" data-element_type=\"widget\" data-widget_type=\"image.default\">\n\t\t\t\t<div class=\"elementor-widget-container\">\n\t\t\t\t\t\t\t\t\t\t\t\t\t<img fetchpriority=\"high\" decoding=\"async\" width=\"1024\" height=\"868\" src=\"https:\/\/newescokin.com\/wp-content\/uploads\/2024\/10\/Layer-1-1024x868.jpg\" class=\"attachment-large size-large wp-image-20\" alt=\"\" srcset=\"https:\/\/newescokin.com\/wp-content\/uploads\/2024\/10\/Layer-1-1024x868.jpg 1024w, https:\/\/newescokin.com\/wp-content\/uploads\/2024\/10\/Layer-1-300x254.jpg 300w, https:\/\/newescokin.com\/wp-content\/uploads\/2024\/10\/Layer-1-768x651.jpg 768w, https:\/\/newescokin.com\/wp-content\/uploads\/2024\/10\/Layer-1-1536x1303.jpg 1536w, https:\/\/newescokin.com\/wp-content\/uploads\/2024\/10\/Layer-1-2048x1737.jpg 2048w\" sizes=\"(max-width: 1024px) 100vw, 1024px\" \/>\t\t\t\t\t\t\t\t\t\t\t\t\t<\/div>\n\t\t\t\t<\/div>\n\t\t\t\t\t<\/div>\n\t\t<\/div>\n\t\t\t\t\t<\/div>\n\t\t<\/section>\n\t\t<div class=\"elementor-element elementor-element-eb4cf84 e-flex e-con-boxed wpr-particle-no wpr-jarallax-no wpr-parallax-no wpr-sticky-section-no e-con e-parent\" data-id=\"eb4cf84\" data-element_type=\"container\">\n\t\t\t\t\t<div class=\"e-con-inner\">\n\t\t\t\t\t<\/div>\n\t\t\t\t<\/div>\n\t\t\t\t<\/div>\n\t\t","protected":false},"excerpt":{"rendered":"<p>OOPS Site en construction \u2013 New Escokin Nous arrivons bient\u00f4t ! Bienvenue sur le site officiel de New Escokin. Nous sommes actuellement en train de construire notre site pour mieux vous servir. Tr\u00e8s bient\u00f4t, vous pourrez d\u00e9couvrir tous nos services en ligne. New Escokin vous propose des services professionnels de gardiennage, de bodyguarding, d&rsquo;escorte, et de sous-traitance. Que vous ayez besoin d&rsquo;une s\u00e9curit\u00e9 renforc\u00e9e pour vos \u00e9v\u00e9nements, de protection rapproch\u00e9e, ou d&rsquo;un service fiable pour vos projets, nous sommes l\u00e0 pour r\u00e9pondre \u00e0 vos besoins. En attendant, vous pouvez nous contacter directement pour toute demande d&rsquo;information : T\u00e9l\u00e9phone : +243814472999 Email :\u00a0didymakwa@yahoo.fr<\/p>\n","protected":false},"author":1,"featured_media":0,"parent":0,"menu_order":0,"comment_status":"closed","ping_status":"closed","template":"","meta":{"site-sidebar-layout":"no-sidebar","site-content-layout":"","ast-site-content-layout":"full-width-container","site-content-style":"default","site-sidebar-style":"default","ast-global-header-display":"","ast-banner-title-visibility":"","ast-main-header-display":"","ast-hfb-above-header-display":"","ast-hfb-below-header-display":"","ast-hfb-mobile-header-display":"","site-post-title":"disabled","ast-breadcrumbs-content":"","ast-featured-img":"disabled","footer-sml-layout":"","theme-transparent-header-meta":"","adv-header-id-meta":"","stick-header-meta":"","header-above-stick-meta":"","header-main-stick-meta":"","header-below-stick-meta":"","astra-migrate-meta-layouts":"default","ast-page-background-enabled":"default","ast-page-background-meta":{"desktop":{"background-color":"var(--ast-global-color-4)","background-image":"","background-repeat":"repeat","background-position":"center center","background-size":"auto","background-attachment":"scroll","background-type":"","background-media":"","overlay-type":"","overlay-color":"","overlay-opacity":"","overlay-gradient":""},"tablet":{"background-color":"","background-image":"","background-repeat":"repeat","background-position":"center center","background-size":"auto","background-attachment":"scroll","background-type":"","background-media":"","overlay-type":"","overlay-color":"","overlay-opacity":"","overlay-gradient":""},"mobile":{"background-color":"","background-image":"","background-repeat":"repeat","background-position":"center center","background-size":"auto","background-attachment":"scroll","background-type":"","background-media":"","overlay-type":"","overlay-color":"","overlay-opacity":"","overlay-gradient":""}},"ast-content-background-meta":{"desktop":{"background-color":"var(--ast-global-color-5)","background-image":"","background-repeat":"repeat","background-position":"center center","background-size":"auto","background-attachment":"scroll","background-type":"","background-media":"","overlay-type":"","overlay-color":"","overlay-opacity":"","overlay-gradient":""},"tablet":{"background-color":"var(--ast-global-color-5)","background-image":"","background-repeat":"repeat","background-position":"center center","background-size":"auto","background-attachment":"scroll","background-type":"","background-media":"","overlay-type":"","overlay-color":"","overlay-opacity":"","overlay-gradient":""},"mobile":{"background-color":"var(--ast-global-color-5)","background-image":"","background-repeat":"repeat","background-position":"center center","background-size":"auto","background-attachment":"scroll","background-type":"","background-media":"","overlay-type":"","overlay-color":"","overlay-opacity":"","overlay-gradient":""}},"footnotes":""},"class_list":["post-10","page","type-page","status-publish","hentry"],"yoast_head":"<!-- This site is optimized with the Yoast SEO plugin v23.7 - https:\/\/yoast.com\/wordpress\/plugins\/seo\/ -->\n<title>Maintenance - New Escokin<\/title>\n<meta name=\"robots\" content=\"index, follow, max-snippet:-1, max-image-preview:large, max-video-preview:-1\" \/>\n<link rel=\"canonical\" href=\"https:\/\/newescokin.com\/index.php\/maintenance\/\" \/>\n<meta property=\"og:locale\" content=\"fr_FR\" \/>\n<meta property=\"og:type\" content=\"article\" \/>\n<meta property=\"og:title\" content=\"Maintenance - New Escokin\" \/>\n<meta property=\"og:description\" content=\"OOPS Site en construction \u2013 New Escokin Nous arrivons bient\u00f4t ! Bienvenue sur le site officiel de New Escokin. Nous sommes actuellement en train de construire notre site pour mieux vous servir. Tr\u00e8s bient\u00f4t, vous pourrez d\u00e9couvrir tous nos services en ligne. New Escokin vous propose des services professionnels de gardiennage, de bodyguarding, d&rsquo;escorte, et de sous-traitance. Que vous ayez besoin d&rsquo;une s\u00e9curit\u00e9 renforc\u00e9e pour vos \u00e9v\u00e9nements, de protection rapproch\u00e9e, ou d&rsquo;un service fiable pour vos projets, nous sommes l\u00e0 pour r\u00e9pondre \u00e0 vos besoins. En attendant, vous pouvez nous contacter directement pour toute demande d&rsquo;information : T\u00e9l\u00e9phone : +243814472999 Email :\u00a0didymakwa@yahoo.fr\" \/>\n<meta property=\"og:url\" content=\"https:\/\/newescokin.com\/index.php\/maintenance\/\" \/>\n<meta property=\"og:site_name\" content=\"New Escokin\" \/>\n<meta property=\"article:modified_time\" content=\"2024-10-09T20:11:47+00:00\" \/>\n<meta property=\"og:image\" content=\"http:\/\/newescokin.com\/wp-content\/uploads\/2024\/10\/Layer-1-1024x868.jpg\" \/>\n<meta name=\"twitter:card\" content=\"summary_large_image\" \/>\n<meta name=\"twitter:label1\" content=\"Dur\u00e9e de lecture estim\u00e9e\" \/>\n\t<meta name=\"twitter:data1\" content=\"1 minute\" \/>\n<script type=\"application\/ld+json\" class=\"yoast-schema-graph\">{\"@context\":\"https:\/\/schema.org\",\"@graph\":[{\"@type\":\"WebPage\",\"@id\":\"https:\/\/newescokin.com\/index.php\/maintenance\/\",\"url\":\"https:\/\/newescokin.com\/index.php\/maintenance\/\",\"name\":\"Maintenance - New Escokin\",\"isPartOf\":{\"@id\":\"https:\/\/newescokin.com\/#website\"},\"primaryImageOfPage\":{\"@id\":\"https:\/\/newescokin.com\/index.php\/maintenance\/#primaryimage\"},\"image\":{\"@id\":\"https:\/\/newescokin.com\/index.php\/maintenance\/#primaryimage\"},\"thumbnailUrl\":\"http:\/\/newescokin.com\/wp-content\/uploads\/2024\/10\/Layer-1-1024x868.jpg\",\"datePublished\":\"2024-10-09T15:59:19+00:00\",\"dateModified\":\"2024-10-09T20:11:47+00:00\",\"breadcrumb\":{\"@id\":\"https:\/\/newescokin.com\/index.php\/maintenance\/#breadcrumb\"},\"inLanguage\":\"fr-FR\",\"potentialAction\":[{\"@type\":\"ReadAction\",\"target\":[\"https:\/\/newescokin.com\/index.php\/maintenance\/\"]}]},{\"@type\":\"ImageObject\",\"inLanguage\":\"fr-FR\",\"@id\":\"https:\/\/newescokin.com\/index.php\/maintenance\/#primaryimage\",\"url\":\"https:\/\/newescokin.com\/wp-content\/uploads\/2024\/10\/Layer-1-scaled.jpg\",\"contentUrl\":\"https:\/\/newescokin.com\/wp-content\/uploads\/2024\/10\/Layer-1-scaled.jpg\",\"width\":2560,\"height\":2171},{\"@type\":\"BreadcrumbList\",\"@id\":\"https:\/\/newescokin.com\/index.php\/maintenance\/#breadcrumb\",\"itemListElement\":[{\"@type\":\"ListItem\",\"position\":1,\"name\":\"Accueil\",\"item\":\"https:\/\/newescokin.com\/\"},{\"@type\":\"ListItem\",\"position\":2,\"name\":\"Maintenance\"}]},{\"@type\":\"WebSite\",\"@id\":\"https:\/\/newescokin.com\/#website\",\"url\":\"https:\/\/newescokin.com\/\",\"name\":\"New Escokin\",\"description\":\"Placement du personnel et gardiennage\",\"potentialAction\":[{\"@type\":\"SearchAction\",\"target\":{\"@type\":\"EntryPoint\",\"urlTemplate\":\"https:\/\/newescokin.com\/?s={search_term_string}\"},\"query-input\":{\"@type\":\"PropertyValueSpecification\",\"valueRequired\":true,\"valueName\":\"search_term_string\"}}],\"inLanguage\":\"fr-FR\"}]}<\/script>\n<!-- \/ Yoast SEO plugin. -->","yoast_head_json":{"title":"Maintenance - New Escokin","robots":{"index":"index","follow":"follow","max-snippet":"max-snippet:-1","max-image-preview":"max-image-preview:large","max-video-preview":"max-video-preview:-1"},"canonical":"https:\/\/newescokin.com\/index.php\/maintenance\/","og_locale":"fr_FR","og_type":"article","og_title":"Maintenance - New Escokin","og_description":"OOPS Site en construction \u2013 New Escokin Nous arrivons bient\u00f4t ! Bienvenue sur le site officiel de New Escokin. Nous sommes actuellement en train de construire notre site pour mieux vous servir. Tr\u00e8s bient\u00f4t, vous pourrez d\u00e9couvrir tous nos services en ligne. New Escokin vous propose des services professionnels de gardiennage, de bodyguarding, d&rsquo;escorte, et de sous-traitance. Que vous ayez besoin d&rsquo;une s\u00e9curit\u00e9 renforc\u00e9e pour vos \u00e9v\u00e9nements, de protection rapproch\u00e9e, ou d&rsquo;un service fiable pour vos projets, nous sommes l\u00e0 pour r\u00e9pondre \u00e0 vos besoins. En attendant, vous pouvez nous contacter directement pour toute demande d&rsquo;information : T\u00e9l\u00e9phone : +243814472999 Email :\u00a0didymakwa@yahoo.fr","og_url":"https:\/\/newescokin.com\/index.php\/maintenance\/","og_site_name":"New Escokin","article_modified_time":"2024-10-09T20:11:47+00:00","og_image":[{"url":"http:\/\/newescokin.com\/wp-content\/uploads\/2024\/10\/Layer-1-1024x868.jpg"}],"twitter_card":"summary_large_image","twitter_misc":{"Dur\u00e9e de lecture estim\u00e9e":"1 minute"},"schema":{"@context":"https:\/\/schema.org","@graph":[{"@type":"WebPage","@id":"https:\/\/newescokin.com\/index.php\/maintenance\/","url":"https:\/\/newescokin.com\/index.php\/maintenance\/","name":"Maintenance - New Escokin","isPartOf":{"@id":"https:\/\/newescokin.com\/#website"},"primaryImageOfPage":{"@id":"https:\/\/newescokin.com\/index.php\/maintenance\/#primaryimage"},"image":{"@id":"https:\/\/newescokin.com\/index.php\/maintenance\/#primaryimage"},"thumbnailUrl":"http:\/\/newescokin.com\/wp-content\/uploads\/2024\/10\/Layer-1-1024x868.jpg","datePublished":"2024-10-09T15:59:19+00:00","dateModified":"2024-10-09T20:11:47+00:00","breadcrumb":{"@id":"https:\/\/newescokin.com\/index.php\/maintenance\/#breadcrumb"},"inLanguage":"fr-FR","potentialAction":[{"@type":"ReadAction","target":["https:\/\/newescokin.com\/index.php\/maintenance\/"]}]},{"@type":"ImageObject","inLanguage":"fr-FR","@id":"https:\/\/newescokin.com\/index.php\/maintenance\/#primaryimage","url":"https:\/\/newescokin.com\/wp-content\/uploads\/2024\/10\/Layer-1-scaled.jpg","contentUrl":"https:\/\/newescokin.com\/wp-content\/uploads\/2024\/10\/Layer-1-scaled.jpg","width":2560,"height":2171},{"@type":"BreadcrumbList","@id":"https:\/\/newescokin.com\/index.php\/maintenance\/#breadcrumb","itemListElement":[{"@type":"ListItem","position":1,"name":"Accueil","item":"https:\/\/newescokin.com\/"},{"@type":"ListItem","position":2,"name":"Maintenance"}]},{"@type":"WebSite","@id":"https:\/\/newescokin.com\/#website","url":"https:\/\/newescokin.com\/","name":"New Escokin","description":"Placement du personnel et gardiennage","potentialAction":[{"@type":"SearchAction","target":{"@type":"EntryPoint","urlTemplate":"https:\/\/newescokin.com\/?s={search_term_string}"},"query-input":{"@type":"PropertyValueSpecification","valueRequired":true,"valueName":"search_term_string"}}],"inLanguage":"fr-FR"}]}},"_links":{"self":[{"href":"https:\/\/newescokin.com\/index.php\/wp-json\/wp\/v2\/pages\/10","targetHints":{"allow":["GET"]}}],"collection":[{"href":"https:\/\/newescokin.com\/index.php\/wp-json\/wp\/v2\/pages"}],"about":[{"href":"https:\/\/newescokin.com\/index.php\/wp-json\/wp\/v2\/types\/page"}],"author":[{"embeddable":true,"href":"https:\/\/newescokin.com\/index.php\/wp-json\/wp\/v2\/users\/1"}],"replies":[{"embeddable":true,"href":"https:\/\/newescokin.com\/index.php\/wp-json\/wp\/v2\/comments?post=10"}],"version-history":[{"count":10,"href":"https:\/\/newescokin.com\/index.php\/wp-json\/wp\/v2\/pages\/10\/revisions"}],"predecessor-version":[{"id":31,"href":"https:\/\/newescokin.com\/index.php\/wp-json\/wp\/v2\/pages\/10\/revisions\/31"}],"wp:attachment":[{"href":"https:\/\/newescokin.com\/index.php\/wp-json\/wp\/v2\/media?parent=10"}],"curies":[{"name":"wp","href":"https:\/\/api.w.org\/{rel}","templated":true}]}}